{"id":87,"date":"2022-01-01T12:57:31","date_gmt":"2022-01-01T11:57:31","guid":{"rendered":"https:\/\/takeapeakwebdesign.be\/ab\/?page_id=87"},"modified":"2026-03-21T08:04:36","modified_gmt":"2026-03-21T07:04:36","slug":"home","status":"publish","type":"page","link":"https:\/\/albertbaertsoen.be\/fr\/","title":{"rendered":"ACCUEIL"},"content":{"rendered":"<div data-elementor-type=\"wp-page\" data-elementor-id=\"87\" class=\"elementor elementor-87\" data-elementor-post-type=\"page\">\n\t\t\t\t<div class=\"elementor-element elementor-element-28b1e88 e-con-full e-flex e-con e-parent\" data-id=\"28b1e88\" data-element_type=\"container\" data-e-type=\"container\" data-settings=\"{&quot;background_background&quot;:&quot;classic&quot;}\">\n\t\t<div class=\"elementor-element elementor-element-de60f90 e-con-full e-flex e-con e-child\" data-id=\"de60f90\" data-element_type=\"container\" data-e-type=\"container\">\n\t\t<div class=\"elementor-element elementor-element-fd02141 e-con-full e-flex e-con e-child\" data-id=\"fd02141\" data-element_type=\"container\" data-e-type=\"container\">\n\t\t\t\t<div class=\"elementor-element elementor-element-210a3e0 elementor-widget elementor-widget-text-editor\" data-id=\"210a3e0\" data-element_type=\"widget\" data-e-type=\"widget\" data-widget_type=\"text-editor.default\">\n\t\t\t\t\t\t\t\t\t<p>Vers 1900, Albert Baertsoen (1866-1922), peintre, dessinateur et graveur, \u00e9tait un des artistes belges les plus importants. Ses paysages urbains remplis de silence firent sa r\u00e9putation internationale. Il y exprime sa tristesse ind\u00e9finissable des fins et des transitions. Baertsoen observe d\u2019un regard troubl\u00e9 les changements rapides du monde qui l'entoure. Ce malaise face \u00e0 la modernit\u00e9 \u00e9tait aussi celui de nombre de ses contemporains, mais Baertsoen le traduisait sur la toile. Il y capte un des courants sociaux du si\u00e8cle finissant. C\u2019est peut-\u00eatre l\u00e0 que r\u00e9side son importance en tant qu'artiste. En 1922, apr\u00e8s son d\u00e9c\u00e8s, il tombe progressivement dans l'oubli.<\/p>\n<p>Ce site web d\u00e9voile pour la premi\u00e8re fois l'ensemble de l'\u0153uvre de Baertsoen et son \u00e9volution sur une p\u00e9riode de 40 ans. \u00c0 l'avenir, des tableaux, pastels et dessins encore inconnus referont surface. C'est pour cette raison que nous avons choisi un format num\u00e9rique; un catalogue raisonn\u00e9 en ligne permet d'int\u00e9grer facilement de nouvelles d\u00e9couvertes.<\/p>\n<p>Gr\u00e2ce au catalogue de l'\u0153uvre comme r\u00e9f\u00e9rence, une monographie consacr\u00e9e \u00e0 l'artiste a \u00e9t\u00e9 r\u00e9alis\u00e9e ainsi qu'une grande exposition r\u00e9trospective au Mus\u00e9e des Beaux-Arts de Gand. Elle a lieu du 3 septembre au 27 novembre 2022 et a accueilli plus de 35.000 visiteurs. Ainsi, cent ans apr\u00e8s sa mort, Baertsoen re\u00e7oit \u00e0 nouveau l'attention qu'il m\u00e9rite.<\/p>\t\t\t\t\t\t\t\t<\/div>\n\t\t\t\t<\/div>\n\t\t<div class=\"elementor-element elementor-element-fd9e384 e-con-full e-flex e-con e-child\" data-id=\"fd9e384\" data-element_type=\"container\" data-e-type=\"container\">\n\t\t<div class=\"elementor-element elementor-element-75829d5 e-con-full e-flex e-con e-child\" data-id=\"75829d5\" data-element_type=\"container\" data-e-type=\"container\">\n\t\t\t\t<div class=\"elementor-element elementor-element-004c3b1 elementor-widget elementor-widget-image\" data-id=\"004c3b1\" data-element_type=\"widget\" data-e-type=\"widget\" data-widget_type=\"image.default\">\n\t\t\t\t\t\t\t\t\t\t\t\t\t\t\t\t<a href=\"https:\/\/albertbaertsoen.be\/wp-content\/uploads\/2022\/08\/Cover.Web_.NL_.jpg\" data-elementor-open-lightbox=\"yes\" data-e-action-hash=\"#elementor-action%3Aaction%3Dlightbox%26settings%3DeyJpZCI6MTI2MTUsInVybCI6Imh0dHBzOlwvXC9hbGJlcnRiYWVydHNvZW4uYmVcL3dwLWNvbnRlbnRcL3VwbG9hZHNcLzIwMjJcLzA4XC9Db3Zlci5XZWJfLk5MXy5qcGcifQ%3D%3D\">\n\t\t\t\t\t\t\t<img fetchpriority=\"high\" decoding=\"async\" width=\"768\" height=\"505\" src=\"https:\/\/albertbaertsoen.be\/wp-content\/uploads\/2022\/08\/Cover.Web_.NL_-768x505.jpg\" class=\"attachment-medium_large size-medium_large wp-image-12615\" alt=\"\" srcset=\"https:\/\/albertbaertsoen.be\/wp-content\/uploads\/2022\/08\/Cover.Web_.NL_-768x505.jpg.webp 768w, https:\/\/albertbaertsoen.be\/wp-content\/uploads\/2022\/08\/Cover.Web_.NL_-300x197.jpg.webp 300w, https:\/\/albertbaertsoen.be\/wp-content\/uploads\/2022\/08\/Cover.Web_.NL_-1024x674.jpg.webp 1024w, https:\/\/albertbaertsoen.be\/wp-content\/uploads\/2022\/08\/Cover.Web_.NL_-150x99.jpg.webp 150w, https:\/\/albertbaertsoen.be\/wp-content\/uploads\/2022\/08\/Cover.Web_.NL_-18x12.jpg.webp 18w, https:\/\/albertbaertsoen.be\/wp-content\/uploads\/2022\/08\/Cover.Web_.NL_.jpg.webp 1290w\" sizes=\"(max-width: 768px) 100vw, 768px\" \/>\t\t\t\t\t\t\t\t<\/a>\n\t\t\t\t\t\t\t\t\t\t\t\t\t\t\t<\/div>\n\t\t\t\t<\/div>\n\t\t<div class=\"elementor-element elementor-element-95159dc e-con-full e-flex e-con e-child\" data-id=\"95159dc\" data-element_type=\"container\" data-e-type=\"container\" data-settings=\"{&quot;background_background&quot;:&quot;classic&quot;,&quot;animation&quot;:&quot;none&quot;}\">\n\t\t\t\t<div class=\"elementor-element elementor-element-d67e443 elementor-align-center elementor-widget elementor-widget-button\" data-id=\"d67e443\" data-element_type=\"widget\" data-e-type=\"widget\" data-widget_type=\"button.default\">\n\t\t\t\t\t\t\t\t\t\t<a class=\"elementor-button elementor-button-link elementor-size-sm\" href=\"https:\/\/albertbaertsoen.be\/fr\/periode-categorie\/nieuw-nouveau\/\">\n\t\t\t\t\t\t<span class=\"elementor-button-content-wrapper\">\n\t\t\t\t\t\t\t\t\t<span class=\"elementor-button-text\">Nouveaux ajouts,<br> mai 2025<\/span>\n\t\t\t\t\t<\/span>\n\t\t\t\t\t<\/a>\n\t\t\t\t\t\t\t\t<\/div>\n\t\t\t\t<\/div>\n\t\t\t\t<\/div>\n\t\t\t\t<\/div>\n\t\t<div class=\"elementor-element elementor-element-7318e05 e-con-full e-flex e-con e-child\" data-id=\"7318e05\" data-element_type=\"container\" data-e-type=\"container\">\n\t\t\t\t<div class=\"elementor-element elementor-element-3421cd1 elementor-widget elementor-widget-heading\" data-id=\"3421cd1\" data-element_type=\"widget\" data-e-type=\"widget\" data-widget_type=\"heading.default\">\n\t\t\t\t\t<h2 class=\"elementor-heading-title elementor-size-default\">Albert Baertsoen, <br>online catalogue raisonn\u00e9 <\/h2>\t\t\t\t<\/div>\n\t\t\t\t<\/div>\n\t\t\t\t<\/div>\n\t\t\t\t<\/div>","protected":false},"excerpt":{"rendered":"<p>Rond 1900 was Albert Baertsoen (1866-1922) een van de belangrijkste Belgische kunstenaars. Hij genoot internationale faam door zijn verstilde impressies van het stedelijk landschap, waarmee hij de onvatbare tristesse uitdrukte die hij ervaarde bij einde en overgang. Baertsoen zag met gemengde gevoelens hoe de wereld om hem heen aan een hoog tempo van aanschijn veranderde. [&hellip;]<\/p>\n","protected":false},"author":3,"featured_media":10582,"parent":0,"menu_order":0,"comment_status":"closed","ping_status":"closed","template":"","meta":{"footnotes":""},"class_list":["post-87","page","type-page","status-publish","has-post-thumbnail","hentry"],"_links":{"self":[{"href":"https:\/\/albertbaertsoen.be\/fr\/wp-json\/wp\/v2\/pages\/87","targetHints":{"allow":["GET"]}}],"collection":[{"href":"https:\/\/albertbaertsoen.be\/fr\/wp-json\/wp\/v2\/pages"}],"about":[{"href":"https:\/\/albertbaertsoen.be\/fr\/wp-json\/wp\/v2\/types\/page"}],"author":[{"embeddable":true,"href":"https:\/\/albertbaertsoen.be\/fr\/wp-json\/wp\/v2\/users\/3"}],"replies":[{"embeddable":true,"href":"https:\/\/albertbaertsoen.be\/fr\/wp-json\/wp\/v2\/comments?post=87"}],"version-history":[{"count":0,"href":"https:\/\/albertbaertsoen.be\/fr\/wp-json\/wp\/v2\/pages\/87\/revisions"}],"wp:featuredmedia":[{"embeddable":true,"href":"https:\/\/albertbaertsoen.be\/fr\/wp-json\/wp\/v2\/media\/10582"}],"wp:attachment":[{"href":"https:\/\/albertbaertsoen.be\/fr\/wp-json\/wp\/v2\/media?parent=87"}],"curies":[{"name":"wp","href":"https:\/\/api.w.org\/{rel}","templated":true}]}}