{"id":264,"date":"2022-01-03T21:42:35","date_gmt":"2022-01-03T20:42:35","guid":{"rendered":"https:\/\/takeapeakwebdesign.be\/ab\/?page_id=264"},"modified":"2022-12-28T23:59:46","modified_gmt":"2022-12-28T22:59:46","slug":"onderzoek-recherche","status":"publish","type":"page","link":"https:\/\/albertbaertsoen.be\/fr\/onderzoek-recherche\/","title":{"rendered":"RECHERCHE"},"content":{"rendered":"<div data-elementor-type=\"wp-page\" data-elementor-id=\"264\" class=\"elementor elementor-264\" data-elementor-post-type=\"page\">\n\t\t\t\t<div class=\"elementor-element elementor-element-5708ad5 e-con-full e-flex e-con e-parent\" data-id=\"5708ad5\" data-element_type=\"container\" data-e-type=\"container\">\n\t\t<div class=\"elementor-element elementor-element-8884d49 e-con-full e-flex e-con e-child\" data-id=\"8884d49\" data-element_type=\"container\" data-e-type=\"container\">\n\t\t\t\t<div class=\"elementor-element elementor-element-ec09166 elementor-widget elementor-widget-text-editor\" data-id=\"ec09166\" data-element_type=\"widget\" data-e-type=\"widget\" data-widget_type=\"text-editor.default\">\n\t\t\t\t\t\t\t\t\t<p><strong>RECHERCHE<\/strong><\/p>\t\t\t\t\t\t\t\t<\/div>\n\t\t\t\t<div class=\"elementor-element elementor-element-a39afb5 elementor-widget elementor-widget-text-editor\" data-id=\"a39afb5\" data-element_type=\"widget\" data-e-type=\"widget\" data-widget_type=\"text-editor.default\">\n\t\t\t\t\t\t\t\t\t<p>Cette section est consacr\u00e9e aux diff\u00e9rents aspects de la recherche scientifique sur la vie et l'\u0153uvre d'Albert Baertsoen.<\/p>\n<p>Les br\u00e8ves notes de recherche sont des compl\u00e9ments aux contributions parues dans le livre <i>Albert Baertsoen. Protagoniste fin de si\u00e8cle<\/i> qui vient d'\u00eatre publi\u00e9 \u00e0 l'occasion de l'exposition r\u00e9trospective au Mus\u00e9e des Beaux-Arts de Gand.<\/p>\n<p>En outre, le visiteur trouvera ici une s\u00e9lection de publications (scientifiques et autres) sur l'artiste, une s\u00e9rie de sources d'archives et un grand nombre de photos et de mat\u00e9riel documentaire.<\/p>\t\t\t\t\t\t\t\t<\/div>\n\t\t\t\t<\/div>\n\t\t<div class=\"elementor-element elementor-element-97313ea e-flex e-con-boxed e-con e-child\" data-id=\"97313ea\" data-element_type=\"container\" data-e-type=\"container\">\n\t\t\t\t\t<div class=\"e-con-inner\">\n\t\t<div class=\"elementor-element elementor-element-a472ae3 e-con-full e-flex e-con e-child\" data-id=\"a472ae3\" data-element_type=\"container\" data-e-type=\"container\">\n\t\t<div class=\"elementor-element elementor-element-add95f3 e-con-full e-flex e-con e-child\" data-id=\"add95f3\" data-element_type=\"container\" data-e-type=\"container\" data-settings=\"{&quot;background_background&quot;:&quot;classic&quot;}\">\n\t\t\t\t<div class=\"elementor-element elementor-element-6ff1ecc elementor-align-justify elementor-widget elementor-widget-button\" data-id=\"6ff1ecc\" data-element_type=\"widget\" data-e-type=\"widget\" data-widget_type=\"button.default\">\n\t\t\t\t\t\t\t\t\t\t<a class=\"elementor-button elementor-button-link elementor-size-sm\" href=\"https:\/\/albertbaertsoen.be\/fr\/onderzoekliteratuur-recherchelitterature\/\">\n\t\t\t\t\t\t<span class=\"elementor-button-content-wrapper\">\n\t\t\t\t\t\t\t\t\t<span class=\"elementor-button-text\">LITT\u00c9RATURE<\/span>\n\t\t\t\t\t<\/span>\n\t\t\t\t\t<\/a>\n\t\t\t\t\t\t\t\t<\/div>\n\t\t\t\t<\/div>\n\t\t<div class=\"elementor-element elementor-element-38179ff e-con-full e-flex e-con e-child\" data-id=\"38179ff\" data-element_type=\"container\" data-e-type=\"container\" data-settings=\"{&quot;background_background&quot;:&quot;classic&quot;}\">\n\t\t\t\t<div class=\"elementor-element elementor-element-6ae0ce7 elementor-align-justify elementor-widget elementor-widget-button\" data-id=\"6ae0ce7\" data-element_type=\"widget\" data-e-type=\"widget\" data-widget_type=\"button.default\">\n\t\t\t\t\t\t\t\t\t\t<a class=\"elementor-button elementor-button-link elementor-size-sm\" href=\"https:\/\/albertbaertsoen.be\/fr\/onderzoekonderzoeknotas-recherchenotesderecherche\/\">\n\t\t\t\t\t\t<span class=\"elementor-button-content-wrapper\">\n\t\t\t\t\t\t\t\t\t<span class=\"elementor-button-text\">NOTES DE RECHERCHE<\/span>\n\t\t\t\t\t<\/span>\n\t\t\t\t\t<\/a>\n\t\t\t\t\t\t\t\t<\/div>\n\t\t\t\t<\/div>\n\t\t\t\t<\/div>\n\t\t<div class=\"elementor-element elementor-element-f6d0014 e-con-full e-flex e-con e-child\" data-id=\"f6d0014\" data-element_type=\"container\" data-e-type=\"container\">\n\t\t<div class=\"elementor-element elementor-element-79eeebc e-con-full e-flex e-con e-child\" data-id=\"79eeebc\" data-element_type=\"container\" data-e-type=\"container\" data-settings=\"{&quot;background_background&quot;:&quot;classic&quot;}\">\n\t\t\t\t<div class=\"elementor-element elementor-element-549023b elementor-align-justify elementor-widget elementor-widget-button\" data-id=\"549023b\" data-element_type=\"widget\" data-e-type=\"widget\" data-widget_type=\"button.default\">\n\t\t\t\t\t\t\t\t\t\t<a class=\"elementor-button elementor-button-link elementor-size-sm\" href=\"https:\/\/albertbaertsoen.be\/fr\/onderzoekarchiefbronnen-recherchesourcesdarchives\/\">\n\t\t\t\t\t\t<span class=\"elementor-button-content-wrapper\">\n\t\t\t\t\t\t\t\t\t<span class=\"elementor-button-text\">SOURCES D'ARCHIVES<\/span>\n\t\t\t\t\t<\/span>\n\t\t\t\t\t<\/a>\n\t\t\t\t\t\t\t\t<\/div>\n\t\t\t\t<\/div>\n\t\t<div class=\"elementor-element elementor-element-9ccfcb6 e-con-full e-flex e-con e-child\" data-id=\"9ccfcb6\" data-element_type=\"container\" data-e-type=\"container\" data-settings=\"{&quot;background_background&quot;:&quot;classic&quot;}\">\n\t\t\t\t<div class=\"elementor-element elementor-element-097cd98 elementor-align-justify elementor-widget elementor-widget-button\" data-id=\"097cd98\" data-element_type=\"widget\" data-e-type=\"widget\" data-widget_type=\"button.default\">\n\t\t\t\t\t\t\t\t\t\t<a class=\"elementor-button elementor-button-link elementor-size-sm\" href=\"https:\/\/albertbaertsoen.be\/fr\/onderzoekbaertsoeninbeeld-recherchebaertsoenenimages\/\">\n\t\t\t\t\t\t<span class=\"elementor-button-content-wrapper\">\n\t\t\t\t\t\t\t\t\t<span class=\"elementor-button-text\">BAERTSOEN EN IMAGES<\/span>\n\t\t\t\t\t<\/span>\n\t\t\t\t\t<\/a>\n\t\t\t\t\t\t\t\t<\/div>\n\t\t\t\t<\/div>\n\t\t\t\t<\/div>\n\t\t\t\t\t<\/div>\n\t\t\t\t<\/div>\n\t\t\t\t<\/div>\n\t\t\t\t<\/div>","protected":false},"excerpt":{"rendered":"<p>ONDERZOEK Dit onderdeel is gewijd aan verschillende aspecten van het wetenschappelijk onderzoek rond het leven en het werk van Albert Baertsoen. De korte onderzoeksnota\u2019s vormen enkele aanvullingen op de bijdragen verschenen in het boek Albert Baertsoen. Protagonist van het fin de si\u00e8cle dat werd gepubliceerd n.a.v. de overzichtstentoonstelling in het Gentse Museum voor Schone Kunsten. [&hellip;]<\/p>\n","protected":false},"author":3,"featured_media":10582,"parent":0,"menu_order":0,"comment_status":"closed","ping_status":"closed","template":"","meta":{"footnotes":""},"class_list":["post-264","page","type-page","status-publish","has-post-thumbnail","hentry"],"_links":{"self":[{"href":"https:\/\/albertbaertsoen.be\/fr\/wp-json\/wp\/v2\/pages\/264","targetHints":{"allow":["GET"]}}],"collection":[{"href":"https:\/\/albertbaertsoen.be\/fr\/wp-json\/wp\/v2\/pages"}],"about":[{"href":"https:\/\/albertbaertsoen.be\/fr\/wp-json\/wp\/v2\/types\/page"}],"author":[{"embeddable":true,"href":"https:\/\/albertbaertsoen.be\/fr\/wp-json\/wp\/v2\/users\/3"}],"replies":[{"embeddable":true,"href":"https:\/\/albertbaertsoen.be\/fr\/wp-json\/wp\/v2\/comments?post=264"}],"version-history":[{"count":0,"href":"https:\/\/albertbaertsoen.be\/fr\/wp-json\/wp\/v2\/pages\/264\/revisions"}],"wp:featuredmedia":[{"embeddable":true,"href":"https:\/\/albertbaertsoen.be\/fr\/wp-json\/wp\/v2\/media\/10582"}],"wp:attachment":[{"href":"https:\/\/albertbaertsoen.be\/fr\/wp-json\/wp\/v2\/media?parent=264"}],"curies":[{"name":"wp","href":"https:\/\/api.w.org\/{rel}","templated":true}]}}