{"id":262,"date":"2022-01-03T21:42:23","date_gmt":"2022-01-03T20:42:23","guid":{"rendered":"https:\/\/takeapeakwebdesign.be\/ab\/?page_id=262"},"modified":"2024-08-27T11:41:14","modified_gmt":"2024-08-27T09:41:14","slug":"contact","status":"publish","type":"page","link":"https:\/\/albertbaertsoen.be\/fr\/contact\/","title":{"rendered":"CONTACT"},"content":{"rendered":"<div data-elementor-type=\"wp-page\" data-elementor-id=\"262\" class=\"elementor elementor-262\" data-elementor-post-type=\"page\">\n\t\t\t\t<div class=\"elementor-element elementor-element-9408e55 e-con-full e-flex e-con e-parent\" data-id=\"9408e55\" data-element_type=\"container\" data-e-type=\"container\">\n\t\t<div class=\"elementor-element elementor-element-4c042b1 e-con-full e-flex e-con e-child\" data-id=\"4c042b1\" data-element_type=\"container\" data-e-type=\"container\">\n\t\t\t\t<div class=\"elementor-element elementor-element-a0018af elementor-widget elementor-widget-text-editor\" data-id=\"a0018af\" data-element_type=\"widget\" data-e-type=\"widget\" data-widget_type=\"text-editor.default\">\n\t\t\t\t\t\t\t\t\t<strong>Contact<\/strong>\t\t\t\t\t\t\t\t<\/div>\n\t\t\t\t<div class=\"elementor-element elementor-element-a069869 elementor-widget elementor-widget-text-editor\" data-id=\"a069869\" data-element_type=\"widget\" data-e-type=\"widget\" data-widget_type=\"text-editor.default\">\n\t\t\t\t\t\t\t\t\t<p>Toutes r\u00e9actions, additions et corrections \u00e0 ce catalogue raisonn\u00e9 seront accueillies avec gratitude. Si vous poss\u00e9dez une \u0153uvre d'Albert Baertsoen qui ne figure pas encore dans la base de donn\u00e9es, nous vous invitons \u00e0 nous la signaler via l'adresse \u00e9lectronique ci-dessous. Un comit\u00e9 scientifique constitu\u00e9 de Ren\u00e9 Vermeir, Stefan Huygebaert et Johan De Smet examinera gratuitement et sans engagement toutes les oeuvres qui lui seront soumises.<\/p><p>Contact: <a href=\"mailto:rene.vermeir@ugent.be\">rene.vermeir@ugent.be<\/a><\/p>\t\t\t\t\t\t\t\t<\/div>\n\t\t\t\t<\/div>\n\t\t\t\t<\/div>\n\t\t\t\t<\/div>","protected":false},"excerpt":{"rendered":"<p>Contact Alle reacties, aanvullingen en correcties op deze website worden in dank aanvaard. Mocht u beschikken over een werk van Albert Baertsoen dat nog niet in de databank is opgenomen, kan u dat signaleren via het onderstaande emailadres. Een wetenschappelijk comit\u00e9 bestaande uit Ren\u00e9 Vermeir, Stefan Huygebaert en Johan De Smet evalueert gratis en vrijblijvend [&hellip;]<\/p>\n","protected":false},"author":3,"featured_media":10582,"parent":0,"menu_order":0,"comment_status":"closed","ping_status":"closed","template":"elementor_header_footer","meta":{"footnotes":""},"class_list":["post-262","page","type-page","status-publish","has-post-thumbnail","hentry"],"_links":{"self":[{"href":"https:\/\/albertbaertsoen.be\/fr\/wp-json\/wp\/v2\/pages\/262","targetHints":{"allow":["GET"]}}],"collection":[{"href":"https:\/\/albertbaertsoen.be\/fr\/wp-json\/wp\/v2\/pages"}],"about":[{"href":"https:\/\/albertbaertsoen.be\/fr\/wp-json\/wp\/v2\/types\/page"}],"author":[{"embeddable":true,"href":"https:\/\/albertbaertsoen.be\/fr\/wp-json\/wp\/v2\/users\/3"}],"replies":[{"embeddable":true,"href":"https:\/\/albertbaertsoen.be\/fr\/wp-json\/wp\/v2\/comments?post=262"}],"version-history":[{"count":0,"href":"https:\/\/albertbaertsoen.be\/fr\/wp-json\/wp\/v2\/pages\/262\/revisions"}],"wp:featuredmedia":[{"embeddable":true,"href":"https:\/\/albertbaertsoen.be\/fr\/wp-json\/wp\/v2\/media\/10582"}],"wp:attachment":[{"href":"https:\/\/albertbaertsoen.be\/fr\/wp-json\/wp\/v2\/media?parent=262"}],"curies":[{"name":"wp","href":"https:\/\/api.w.org\/{rel}","templated":true}]}}