{"id":10481,"date":"2022-07-15T23:34:21","date_gmt":"2022-07-15T21:34:21","guid":{"rendered":"https:\/\/takeapeakwebdesign.be\/ab\/?page_id=10481"},"modified":"2023-02-01T21:51:27","modified_gmt":"2023-02-01T20:51:27","slug":"oeuvrecatalogus-catalogueraisonne","status":"publish","type":"page","link":"https:\/\/albertbaertsoen.be\/fr\/oeuvrecatalogus-catalogueraisonne\/","title":{"rendered":"CATALOGUE RAISONN\u00c9"},"content":{"rendered":"<div data-elementor-type=\"wp-page\" data-elementor-id=\"10481\" class=\"elementor elementor-10481\" data-elementor-post-type=\"page\">\n\t\t\t\t<div class=\"elementor-element elementor-element-e276249 e-con-full e-flex e-con e-parent\" data-id=\"e276249\" data-element_type=\"container\" data-e-type=\"container\">\n\t\t<div class=\"elementor-element elementor-element-780c410 e-con-full e-flex e-con e-child\" data-id=\"780c410\" data-element_type=\"container\" data-e-type=\"container\">\n\t\t\t\t<div class=\"elementor-element elementor-element-c63878b elementor-widget elementor-widget-text-editor\" data-id=\"c63878b\" data-element_type=\"widget\" data-e-type=\"widget\" data-widget_type=\"text-editor.default\">\n\t\t\t\t\t\t\t\t\t<strong>CATALOGUE RAISONN\u00c9<\/strong>\t\t\t\t\t\t\t\t<\/div>\n\t\t\t\t<div class=\"elementor-element elementor-element-468cc1f elementor-widget elementor-widget-text-editor\" data-id=\"468cc1f\" data-element_type=\"widget\" data-e-type=\"widget\" data-widget_type=\"text-editor.default\">\n\t\t\t\t\t\t\t\t\tJusqu'\u00e0 pr\u00e9sent, l'\u0153uvre de Baertsoen n'\u00e9tait que tr\u00e8s partiellement connue. On savait ce qui se trouve dans les collections mus\u00e9ales, et on \u00e9tait \u00e9galement au courant des \u0153uvres issues de collections priv\u00e9es qui ont \u00e9t\u00e9 expos\u00e9es au cours des derni\u00e8res d\u00e9cennies, ou dont une reproduction figure dans l'une ou l'autre publication. Mais c'\u00e9tait \u00e0 peu pr\u00e8s tout, car apr\u00e8s sa mort, Baertsoen et son oeuvre sont petit \u00e0 petit tomb\u00e9s dans l'oubli. Depuis quelque temps cependant on le compte \u00e0 nouveau parmi les principaux artistes belges du tournant du XXe si\u00e8cle.\t\t\t\t\t\t\t\t<\/div>\n\t\t\t\t<div class=\"elementor-element elementor-element-5ddde38 elementor-widget elementor-widget-text-editor\" data-id=\"5ddde38\" data-element_type=\"widget\" data-e-type=\"widget\" data-widget_type=\"text-editor.default\">\n\t\t\t\t\t\t\t\t\tCe catalogue raisonn\u00e9 est le fruit d'une longue recherche. S'il est assez facile de rep\u00e9rer les \u0153uvres dans les collections des mus\u00e9es belges ou \u00e9trangers, ce sont surtout les catalogues d'expositions auxquelles Baertsoen a particip\u00e9 de son vivant qui r\u00e9v\u00e8lent l'\u00e9volution de son art. Les donn\u00e9es ainsi rassembl\u00e9es ont \u00e9t\u00e9 compl\u00e9t\u00e9es par les catalogues d'expositions posthumes ainsi que par les r\u00e9sultats de l'analyse de journaux, de magazines et de catalogues de vente aux ench\u00e8res. Les collections priv\u00e9es furent \u00e9galement l'objet de recherches intensives.\t\t\t\t\t\t\t\t<\/div>\n\t\t\t\t<div class=\"elementor-element elementor-element-73ed1b1 elementor-widget elementor-widget-text-editor\" data-id=\"73ed1b1\" data-element_type=\"widget\" data-e-type=\"widget\" data-widget_type=\"text-editor.default\">\n\t\t\t\t\t\t\t\t\tD'un grand nombre d'oeuvres, nous ne connaissons que le titre et la date approximative de leur cr\u00e9ation. Dans les cas o\u00f9 aucune image n'est disponible, le risque d'une double, voire d'une triple entr\u00e9e dans ce catalogue persiste, \u00e9tant donn\u00e9 que les titres peuvent varier au fil des ans. Cependant, en rassemblant diverses informations (comme par exemple les dimensions d'une \u0153uvre), nous avons tent\u00e9 d'\u00e9liminer les doublons pour aboutir \u00e0 une liste d'\u0153uvres uniques. Cela ne change rien au fait que des corrections devront se faire \u00e0 l'avenir.\t\t\t\t\t\t\t\t<\/div>\n\t\t\t\t<div class=\"elementor-element elementor-element-a1b53f5 elementor-widget elementor-widget-text-editor\" data-id=\"a1b53f5\" data-element_type=\"widget\" data-e-type=\"widget\" data-widget_type=\"text-editor.default\">\n\t\t\t\t\t\t\t\t\tLa coop\u00e9ration de la famille Baertsoen fut d'une importance capitale pour le succ\u00e8s de l'entreprise. Elle dispose d'une s\u00e9rie consid\u00e9rable d'eaux-fortes, qui nous a permis de reconstituer une grande partie de l'\u0153uvre graphique. La famille poss\u00e8de \u00e9galement des centaines de croquis et un grand nombre de sources d'archives. Cela nous a aid\u00e9 \u00e0 identifier ou \u00e0 pr\u00e9ciser certaines \u0153uvres.\t\t\t\t\t\t\t\t<\/div>\n\t\t\t\t<div class=\"elementor-element elementor-element-be28b7a elementor-widget elementor-widget-text-editor\" data-id=\"be28b7a\" data-element_type=\"widget\" data-e-type=\"widget\" data-widget_type=\"text-editor.default\">\n\t\t\t\t\t\t\t\t\t<p>Ce catalogue offre une vue d'ensemble aussi compl\u00e8te que possible de l'\u0153uvre de Baertsoen. L'auteur a tent\u00e9 de dater et d'organiser chronologiquement les tableaux, pastels, dessins, eaux-fortes et lithographies, et il a essay\u00e9 de clarifier les rapports entre les \u0153uvres apparent\u00e9es. Pour cela une m\u00e9thodologie pragmatique fut adopt\u00e9e. Elle a s\u00fbrement ses limites et sans doute elle peut \u00eatre sujette \u00e0 discussion, mais il n'en demeure pas moins qu'elle a livr\u00e9 un certain nombre de r\u00e9sultats et qu'elle a permis d'ordonner et d'interpr\u00e9ter l'\u0153uvre de Baertsoen avec une assez grande fiabilit\u00e9. Une pr\u00e9sentation de la m\u00e9thodologie utilis\u00e9e peut \u00eatre consult\u00e9e <a href=\"https:\/\/albertbaertsoen.be\/wp-content\/uploads\/2022\/08\/Methodologische-aspecten.pdf\" target=\"_blank\" rel=\"noopener\"><u>ici<\/u><\/a>.<\/p>\t\t\t\t\t\t\t\t<\/div>\n\t\t\t\t<\/div>\n\t\t<div class=\"elementor-element elementor-element-eb9356d e-flex e-con-boxed e-con e-child\" data-id=\"eb9356d\" data-element_type=\"container\" data-e-type=\"container\">\n\t\t\t\t\t<div class=\"e-con-inner\">\n\t\t<div class=\"elementor-element elementor-element-14d0477 e-con-full e-flex e-con e-child\" data-id=\"14d0477\" data-element_type=\"container\" data-e-type=\"container\">\n\t\t<div class=\"elementor-element elementor-element-385b4f8 e-con-full e-flex e-con e-child\" data-id=\"385b4f8\" data-element_type=\"container\" data-e-type=\"container\" data-settings=\"{&quot;background_background&quot;:&quot;classic&quot;}\">\n\t\t\t\t<div class=\"elementor-element elementor-element-fec8bda elementor-align-justify elementor-widget elementor-widget-button\" data-id=\"fec8bda\" data-element_type=\"widget\" data-e-type=\"widget\" data-widget_type=\"button.default\">\n\t\t\t\t\t\t\t\t\t\t<a class=\"elementor-button elementor-button-link elementor-size-sm\" href=\"https:\/\/albertbaertsoen.be\/fr\/type-categorie\/schilderijenpastels-peinturespastels\/\">\n\t\t\t\t\t\t<span class=\"elementor-button-content-wrapper\">\n\t\t\t\t\t\t\t\t\t<span class=\"elementor-button-text\">PEINTURES &amp; PASTELS<\/span>\n\t\t\t\t\t<\/span>\n\t\t\t\t\t<\/a>\n\t\t\t\t\t\t\t\t<\/div>\n\t\t\t\t<\/div>\n\t\t<div class=\"elementor-element elementor-element-65e4d34 e-con-full e-flex e-con e-child\" data-id=\"65e4d34\" data-element_type=\"container\" data-e-type=\"container\" data-settings=\"{&quot;background_background&quot;:&quot;classic&quot;}\">\n\t\t\t\t<div class=\"elementor-element elementor-element-3da3034 elementor-align-justify elementor-widget elementor-widget-button\" data-id=\"3da3034\" data-element_type=\"widget\" data-e-type=\"widget\" data-widget_type=\"button.default\">\n\t\t\t\t\t\t\t\t\t\t<a class=\"elementor-button elementor-button-link elementor-size-sm\" href=\"https:\/\/albertbaertsoen.be\/fr\/type-categorie\/etsen-eauxfortes\/\">\n\t\t\t\t\t\t<span class=\"elementor-button-content-wrapper\">\n\t\t\t\t\t\t\t\t\t<span class=\"elementor-button-text\">EAUX-FORTES<\/span>\n\t\t\t\t\t<\/span>\n\t\t\t\t\t<\/a>\n\t\t\t\t\t\t\t\t<\/div>\n\t\t\t\t<\/div>\n\t\t\t\t<\/div>\n\t\t<div class=\"elementor-element elementor-element-8ef9f7a e-con-full e-flex e-con e-child\" data-id=\"8ef9f7a\" data-element_type=\"container\" data-e-type=\"container\">\n\t\t<div class=\"elementor-element elementor-element-7a99239 e-con-full e-flex e-con e-child\" data-id=\"7a99239\" data-element_type=\"container\" data-e-type=\"container\" data-settings=\"{&quot;background_background&quot;:&quot;classic&quot;}\">\n\t\t\t\t<div class=\"elementor-element elementor-element-7f9f4b1 elementor-align-justify elementor-widget elementor-widget-button\" data-id=\"7f9f4b1\" data-element_type=\"widget\" data-e-type=\"widget\" data-widget_type=\"button.default\">\n\t\t\t\t\t\t\t\t\t\t<a class=\"elementor-button elementor-button-link elementor-size-sm\" href=\"https:\/\/albertbaertsoen.be\/fr\/type-categorie\/lithografieen-lithographies\/\">\n\t\t\t\t\t\t<span class=\"elementor-button-content-wrapper\">\n\t\t\t\t\t\t\t\t\t<span class=\"elementor-button-text\">LITHOGRAPHIES<\/span>\n\t\t\t\t\t<\/span>\n\t\t\t\t\t<\/a>\n\t\t\t\t\t\t\t\t<\/div>\n\t\t\t\t<\/div>\n\t\t<div class=\"elementor-element elementor-element-5011aea e-con-full e-flex e-con e-child\" data-id=\"5011aea\" data-element_type=\"container\" data-e-type=\"container\" data-settings=\"{&quot;background_background&quot;:&quot;classic&quot;}\">\n\t\t\t\t<div class=\"elementor-element elementor-element-fd617da elementor-align-justify elementor-widget elementor-widget-button\" data-id=\"fd617da\" data-element_type=\"widget\" data-e-type=\"widget\" data-widget_type=\"button.default\">\n\t\t\t\t\t\t\t\t\t\t<a class=\"elementor-button elementor-button-link elementor-size-sm\" href=\"https:\/\/albertbaertsoen.be\/fr\/type-categorie\/tekeningenschetsen-dessinscroquis\/\">\n\t\t\t\t\t\t<span class=\"elementor-button-content-wrapper\">\n\t\t\t\t\t\t\t\t\t<span class=\"elementor-button-text\">DESSINS &amp; CROQUIS<\/span>\n\t\t\t\t\t<\/span>\n\t\t\t\t\t<\/a>\n\t\t\t\t\t\t\t\t<\/div>\n\t\t\t\t<\/div>\n\t\t\t\t<\/div>\n\t\t\t\t\t<\/div>\n\t\t\t\t<\/div>\n\t\t\t\t<\/div>\n\t\t\t\t<\/div>","protected":false},"excerpt":{"rendered":"<p>OEUVRECATALOGUSBaertsoens oeuvre was tot op heden slechts heel gedeeltelijk bekend. Men was uiteraard op de hoogte van wat zich in museale collecties bevindt, en ook de werken uit priv\u00e9verzamelingen die de voorbije decennia werden tentoongesteld of waarvan een afbeelding in een of andere publicatie staat opgenomen, waren bekend. Maar daar hield het wel ongeveer op, [&hellip;]<\/p>\n","protected":false},"author":3,"featured_media":10582,"parent":0,"menu_order":0,"comment_status":"closed","ping_status":"closed","template":"","meta":{"footnotes":""},"class_list":["post-10481","page","type-page","status-publish","has-post-thumbnail","hentry"],"_links":{"self":[{"href":"https:\/\/albertbaertsoen.be\/fr\/wp-json\/wp\/v2\/pages\/10481","targetHints":{"allow":["GET"]}}],"collection":[{"href":"https:\/\/albertbaertsoen.be\/fr\/wp-json\/wp\/v2\/pages"}],"about":[{"href":"https:\/\/albertbaertsoen.be\/fr\/wp-json\/wp\/v2\/types\/page"}],"author":[{"embeddable":true,"href":"https:\/\/albertbaertsoen.be\/fr\/wp-json\/wp\/v2\/users\/3"}],"replies":[{"embeddable":true,"href":"https:\/\/albertbaertsoen.be\/fr\/wp-json\/wp\/v2\/comments?post=10481"}],"version-history":[{"count":0,"href":"https:\/\/albertbaertsoen.be\/fr\/wp-json\/wp\/v2\/pages\/10481\/revisions"}],"wp:featuredmedia":[{"embeddable":true,"href":"https:\/\/albertbaertsoen.be\/fr\/wp-json\/wp\/v2\/media\/10582"}],"wp:attachment":[{"href":"https:\/\/albertbaertsoen.be\/fr\/wp-json\/wp\/v2\/media?parent=10481"}],"curies":[{"name":"wp","href":"https:\/\/api.w.org\/{rel}","templated":true}]}}